{"id":1424,"date":"2021-05-11T15:07:52","date_gmt":"2021-05-11T13:07:52","guid":{"rendered":"https:\/\/klg-klima.shop\/de\/impressum\/"},"modified":"2021-06-30T11:47:53","modified_gmt":"2021-06-30T09:47:53","slug":"impressum","status":"publish","type":"page","link":"https:\/\/klg-klima.shop\/de\/impressum\/","title":{"rendered":"Impressum"},"content":{"rendered":"\n<p><span class=\"has-inline-color has-black-color\"><strong>KLG VERTRIEB GMBH<\/strong><\/span><br>Firmenbuchnummer: 323293g<br>GLN (der \u00f6ffentlichen Verwaltung): 9110017388471<br>Firmengericht: Landesgericht f\u00fcr ZRS Graz<br>Gesch\u00e4ftsf\u00fchrer: Johannes Mirnig<br>Handelsregister: FN 323293g<br>Ust-IdNr.: ATU64730919<\/p>\n\n\n\n<p>Grazer Stra\u00dfe 87<br>A &#8211; 8111 Gratwein-Stra\u00dfengel<\/p>\n\n\n\n<p><strong>Niederlassung M\u00fcnchen <\/strong><br>Dieselstra\u00dfe 25<br>D &#8211; 85748 Garching <\/p>\n\n\n\n<p>Telefon +49(0)89 \/ 32989850<br>Fax: +49(0)89 \/ 32989851<br>Ust-IdNr.: DE 265331572<br><br>E-Mail: <a href=\"mailto:info@klg-klima.shop\">info@klg-klima.shop<\/a><\/p>\n\n\n\n<p>Webgestaltung:&nbsp;<a rel=\"noreferrer noopener\" href=\"https:\/\/www.taska.at\/\" target=\"_blank\">taska grafik<\/a><\/p>\n\n\n\n<p><\/p>\n","protected":false},"excerpt":{"rendered":"<p>KLG VERTRIEB GMBHFirmenbuchnummer: 323293gGLN (der \u00f6ffentlichen Verwaltung): 9110017388471Firmengericht: Landesgericht f\u00fcr ZRS GrazGesch\u00e4ftsf\u00fchrer: Johannes MirnigHandelsregister: FN 323293gUst-IdNr.: ATU64730919 Grazer Stra\u00dfe 87A &#8211; 8111 Gratwein-Stra\u00dfengel Niederlassung M\u00fcnchen Dieselstra\u00dfe 25D &#8211; 85748 Garching Telefon +49(0)89 \/ 32989850Fax: +49(0)89 \/ 32989851Ust-IdNr.: DE 265331572 E-Mail: info@klg-klima.shop Webgestaltung:&nbsp;taska grafik<\/p>\n","protected":false},"author":1,"featured_media":0,"parent":0,"menu_order":0,"comment_status":"closed","ping_status":"closed","template":"","meta":{"kt_blocks_editor_width":""},"_links":{"self":[{"href":"https:\/\/klg-klima.shop\/de\/wp-json\/wp\/v2\/pages\/1424"}],"collection":[{"href":"https:\/\/klg-klima.shop\/de\/wp-json\/wp\/v2\/pages"}],"about":[{"href":"https:\/\/klg-klima.shop\/de\/wp-json\/wp\/v2\/types\/page"}],"author":[{"embeddable":true,"href":"https:\/\/klg-klima.shop\/de\/wp-json\/wp\/v2\/users\/1"}],"replies":[{"embeddable":true,"href":"https:\/\/klg-klima.shop\/de\/wp-json\/wp\/v2\/comments?post=1424"}],"version-history":[{"count":6,"href":"https:\/\/klg-klima.shop\/de\/wp-json\/wp\/v2\/pages\/1424\/revisions"}],"predecessor-version":[{"id":1748,"href":"https:\/\/klg-klima.shop\/de\/wp-json\/wp\/v2\/pages\/1424\/revisions\/1748"}],"wp:attachment":[{"href":"https:\/\/klg-klima.shop\/de\/wp-json\/wp\/v2\/media?parent=1424"}],"curies":[{"name":"wp","href":"https:\/\/api.w.org\/{rel}","templated":true}]}}