{"id":1426,"date":"2021-05-11T15:07:52","date_gmt":"2021-05-11T13:07:52","guid":{"rendered":"https:\/\/klg-klima.shop\/de\/widerrufsbelehrung\/"},"modified":"2021-06-15T21:14:33","modified_gmt":"2021-06-15T19:14:33","slug":"widerrufsbelehrung","status":"publish","type":"page","link":"https:\/\/klg-klima.shop\/de\/widerrufsbelehrung\/","title":{"rendered":"Widerrufsbelehrung"},"content":{"rendered":"\n<h2>Widerrufsrecht<\/h2>\n\n\n\n<p>Als Verbraucher haben Sie das Recht, binnen 14 Tagen ohne Angabe von Gr\u00fcnden diesen Vertrag zu widerrufen. Die Widerrufsfrist betr\u00e4gt 14 Tage ab dem Tag an dem Sie oder ein von Ihnen benannter Dritter, der nicht der Bef\u00f6rderer ist, die letzte Ware in Besitz genommen haben bzw. hat.<\/p>\n\n\n\n<p>Um Ihr Widerrufsrecht auszu\u00fcben, m\u00fcssen Sie uns<\/p>\n\n\n\n<p><strong>KLG VERTRIEB GMBH<\/strong><br>Grazer Stra\u00dfe 87<br>A \u2013 8111 Gratwein-Stra\u00dfengel<br>Telefon +43(0)316 \/ 6006<br>Fax: +43(0)316 \/ 6006 \u2013 10<br>E-Mail: <a href=\"mailto:info@klg-klima.shop\/de\">info@klg-klima.shop\/de<\/a><\/p>\n\n\n\n<p>mittels einer eindeutigen Erkl\u00e4rung (zum Beispiel einem mit der Post versandten Brief oder E-Mail) \u00fcber Ihren Entschluss, diesen Vertrag zu widerrufen, informieren. Zur Wahrung der Widerrufsfrist reicht es aus, dass Sie die Mitteilung \u00fcber die Aus\u00fcbung des Widerrufsrechts vor Ablauf der Widerrufsfrist absenden.<\/p>\n\n\n\n<h2>Folgen des Widerrufs<\/h2>\n\n\n\n<p>Wenn Sie diesen Vertrag widerrufen, haben wir Ihnen alle Zahlungen, die wir von Ihnen erhalten haben, einschlie\u00dflich der Lieferkosten (mit Ausnahme der zus\u00e4tzlichen Kosten, die sich daraus ergeben, dass Sie eine andere Art der Lieferung als die von uns angebotene, g\u00fcnstigste Standardlieferung gew\u00e4hlt haben), unverz\u00fcglich und sp\u00e4testens binnen 14 Tagen ab dem Tag zur\u00fcckzuzahlen, an dem die Mitteilung \u00fcber Ihren Widerruf dieses Vertrags bei uns eingegangen ist.<\/p>\n\n\n\n<p>F\u00fcr diese R\u00fcckzahlung verwenden wir dasselbe Zahlungsmittel, das Sie bei der urspr\u00fcnglichen Transaktion eingesetzt haben, es sei denn, mit Ihnen wurde ausdr\u00fccklich etwas anderes vereinbart. In keinem Fall werden Ihnen wegen dieser R\u00fcckzahlung Entgelte berechnet. Wir k\u00f6nnen die R\u00fcckzahlung verweigern, bis wir die Waren wieder zur\u00fcckerhalten haben oder bis Sie den Nachweis erbracht haben, dass Sie die Ware(n) zur\u00fcckgesandt haben, je nachdem, welches Ereignis fr\u00fcher eintritt. Sie haben die Ware(n) unverz\u00fcglich und in jedem Fall sp\u00e4testens binnen 14 Tagen ab dem Tag, an dem Sie uns \u00fcber den Widerruf dieses Vertrags unterrichten, an uns<\/p>\n\n\n\n<p><strong>KLG VERTRIEB GMBH<\/strong><br>Grazer Stra\u00dfe 87<br>A \u2013 8111 Gratwein-Stra\u00dfengel<br>Telefon +43(0)316 \/ 6006<br>Fax: +43(0)316 \/ 6006 \u2013 10<br>E-Mail: info@klg-klima.shop\/de<\/p>\n\n\n\n<p>zur\u00fcckzusenden oder zu \u00fcbergeben. Die Frist ist gewahrt, wenn Sie die Waren vor&nbsp;Ablauf der Frist von 14 Tagen absenden. Sie tragen die unmittelbaren Kosten der R\u00fccksendung der Ware(n).<\/p>\n\n\n\n<p>Vertr\u00e4ge zur Lieferung von Waren, die nicht vorgefertigt sind und f\u00fcr deren Herstellung eine individuelle Auswahl oder Bestimmung durch den Verbraucher ma\u00dfgeblich ist oder die eindeutig auf die pers\u00f6nlichen Bed\u00fcrfnisse des Verbrauchers zugeschnitten sind k\u00f6nnen nicht widerrufen werden.<\/p>\n\n\n\n<p>F\u00fcr einen etwaigen Wertverlust der Ware(n) m\u00fcssen Sie nur aufkommen, wenn dieser Wertverlust auf einen zur Pr\u00fcfung der Beschaffenheit, Eigenschaften und Funktionsweise der Waren nicht notwendigen Umgang mit ihnen zur\u00fcckzuf\u00fchren ist.<\/p>\n","protected":false},"excerpt":{"rendered":"<p>Widerrufsrecht Als Verbraucher haben Sie das Recht, binnen 14 Tagen ohne Angabe von Gr\u00fcnden diesen Vertrag zu widerrufen. Die Widerrufsfrist betr\u00e4gt 14 Tage ab dem Tag an dem Sie oder ein von Ihnen benannter Dritter, der nicht der Bef\u00f6rderer ist, die letzte Ware in Besitz genommen haben bzw. hat. Um Ihr Widerrufsrecht auszu\u00fcben, m\u00fcssen Sie [&hellip;]<\/p>\n","protected":false},"author":1,"featured_media":0,"parent":0,"menu_order":0,"comment_status":"closed","ping_status":"closed","template":"template-fullwidth-contained.php","meta":{"kt_blocks_editor_width":""},"_links":{"self":[{"href":"https:\/\/klg-klima.shop\/de\/wp-json\/wp\/v2\/pages\/1426"}],"collection":[{"href":"https:\/\/klg-klima.shop\/de\/wp-json\/wp\/v2\/pages"}],"about":[{"href":"https:\/\/klg-klima.shop\/de\/wp-json\/wp\/v2\/types\/page"}],"author":[{"embeddable":true,"href":"https:\/\/klg-klima.shop\/de\/wp-json\/wp\/v2\/users\/1"}],"replies":[{"embeddable":true,"href":"https:\/\/klg-klima.shop\/de\/wp-json\/wp\/v2\/comments?post=1426"}],"version-history":[{"count":1,"href":"https:\/\/klg-klima.shop\/de\/wp-json\/wp\/v2\/pages\/1426\/revisions"}],"predecessor-version":[{"id":1705,"href":"https:\/\/klg-klima.shop\/de\/wp-json\/wp\/v2\/pages\/1426\/revisions\/1705"}],"wp:attachment":[{"href":"https:\/\/klg-klima.shop\/de\/wp-json\/wp\/v2\/media?parent=1426"}],"curies":[{"name":"wp","href":"https:\/\/api.w.org\/{rel}","templated":true}]}}