{"id":19,"date":"2021-05-11T12:58:10","date_gmt":"2021-05-11T10:58:10","guid":{"rendered":"https:\/\/klg-klima.shop\/de\/?page_id=19"},"modified":"2021-05-18T16:33:10","modified_gmt":"2021-05-18T14:33:10","slug":"klima-baukasten","status":"publish","type":"page","link":"https:\/\/klg-klima.shop\/de\/klima-baukasten\/","title":{"rendered":"Klima-Baukasten"},"content":{"rendered":"\n<p>Sie wollen mehr als einen Raum klimatisieren und\/oder w\u00fcrden gerne ein individuelles und unverbindliches Angebot von den KLG Klima-Profis erhalten? F\u00fcllen Sie das nachfolgende Formular aus und wir melden uns binnen 24h bei Ihnen zur\u00fcck! Sie k\u00f6nnen bis zu 5 R\u00e4ume angeben. Je mehr Infos Sie geben, desto detaillierter k\u00f6nnen wir Ihr Angebot erstellen!<\/p>\n\n\n\n<p><small><em><span class=\"has-inline-color has-vivid-red-color\">* Pflichtfelder<\/span><\/em><\/small><\/p>\n\n\n\n<form id=\"klimabaukasten\">\n    <div class=\"steps\">\n        <ul>\n            <li class=\"finished\">1. Raumauswahl<\/li>\n            <li>2. Konfiguration<\/li>\n            <li>3. Kontaktdaten<\/li>\n        <\/ul>\n    <\/div>\n    <div class=\"messages\"><\/div>\n    <div class=\"choose-rooms\">\n        <h3>Wieviele R\u00e4ume m\u00f6chten Sie klimatisieren?<\/h3>\n        <ul>\n            <li class=\"rooms1\" data-rooms=\"1\"><\/li>\n            <li class=\"rooms2\" data-rooms=\"2\"><\/li>\n            <li class=\"rooms3\" data-rooms=\"3\"><\/li>\n            <li class=\"rooms4\" data-rooms=\"4\"><\/li>\n            <li class=\"rooms5\" data-rooms=\"5\"><\/li>\n        <\/ul>\n    <\/div>\n    <div class=\"room-data\"><\/div>\n    <div class=\"contact-data\"><\/div>\n<\/form>\n","protected":false},"excerpt":{"rendered":"<p>Sie wollen mehr als einen Raum klimatisieren und\/oder w\u00fcrden gerne ein individuelles und unverbindliches Angebot von den KLG Klima-Profis erhalten? F\u00fcllen Sie das nachfolgende Formular aus und wir melden uns binnen 24h bei Ihnen zur\u00fcck! Sie k\u00f6nnen bis zu 5 R\u00e4ume angeben. Je mehr Infos Sie geben, desto detaillierter k\u00f6nnen wir Ihr Angebot erstellen! * [&hellip;]<\/p>\n","protected":false},"author":1,"featured_media":0,"parent":0,"menu_order":0,"comment_status":"closed","ping_status":"closed","template":"template-fullwidth-contained.php","meta":{"kt_blocks_editor_width":""},"_links":{"self":[{"href":"https:\/\/klg-klima.shop\/de\/wp-json\/wp\/v2\/pages\/19"}],"collection":[{"href":"https:\/\/klg-klima.shop\/de\/wp-json\/wp\/v2\/pages"}],"about":[{"href":"https:\/\/klg-klima.shop\/de\/wp-json\/wp\/v2\/types\/page"}],"author":[{"embeddable":true,"href":"https:\/\/klg-klima.shop\/de\/wp-json\/wp\/v2\/users\/1"}],"replies":[{"embeddable":true,"href":"https:\/\/klg-klima.shop\/de\/wp-json\/wp\/v2\/comments?post=19"}],"version-history":[{"count":4,"href":"https:\/\/klg-klima.shop\/de\/wp-json\/wp\/v2\/pages\/19\/revisions"}],"predecessor-version":[{"id":1636,"href":"https:\/\/klg-klima.shop\/de\/wp-json\/wp\/v2\/pages\/19\/revisions\/1636"}],"wp:attachment":[{"href":"https:\/\/klg-klima.shop\/de\/wp-json\/wp\/v2\/media?parent=19"}],"curies":[{"name":"wp","href":"https:\/\/api.w.org\/{rel}","templated":true}]}}