{"id":21,"date":"2021-05-11T12:58:29","date_gmt":"2021-05-11T10:58:29","guid":{"rendered":"https:\/\/klg-klima.shop\/de\/?page_id=21"},"modified":"2021-07-01T10:09:56","modified_gmt":"2021-07-01T08:09:56","slug":"service","status":"publish","type":"page","link":"https:\/\/klg-klima.shop\/de\/service\/","title":{"rendered":"Service"},"content":{"rendered":"\n<p>KLG Klima Shop ist die Online-Plattform f\u00fcr Kunden, die ganz einfach eine Klimaanlage in \u00d6sterreich oder Deutschland kaufen m\u00f6chten.<\/p>\n\n\n\n<p>KLG Klima Shop verkauft die angebotenen Klimaanlagen direkt \u00fcber den Webshop und bietet in \u00d6sterreich und Deutschland ebenfalls ein Festpreisangebot f\u00fcr die Montage und Inbetriebnahme der Ger\u00e4te an. Die Verrechnung und Gew\u00e4hrleistung wird \u00fcber KLG Klima Shop abgewickelt.&nbsp;<\/p>\n\n\n\n<p><strong>Vorteile von unserem KLG Klima Shop<\/strong>:<br>Ganz einfach aufgebaut, finden Sie im KLG Klima Shop unsere modernen Klimaanlagen f\u00fcr Ihr Zuhause.<br><br>Sie entscheiden, ob Sie nur das Ger\u00e4t bei uns kaufen m\u00f6chten, oder ob Sie die Montage und Inbetriebnahme ganz bequem aus einer Hand online dazukaufen wollen.&nbsp;<\/p>\n\n\n\n<p>Sollten sie mehrere R\u00e4ume klimatisieren wollen, dann verwenden Sie&nbsp;bitte unseren daf\u00fcr eingerichteten&nbsp;Klimakonfigurator. Er hilft mit Ihren&nbsp;Angaben uns alles zu sagen was wir wissen m\u00fcssen, damit wir Ihnen&nbsp;ein Bestpreisangebot legen k\u00f6nnen.&nbsp;<\/p>\n\n\n<style id=\"kt-blocks_12f83f-2a\">.kt-accordion-id_12f83f-2a .kt-accordion-panel-inner {background:#ffffff;border-width:0px 1px 1px 1px;}.kt-accordion-id_12f83f-2a .wp-block-kadence-pane .kt-accordion-header-wrap .kt-blocks-accordion-header {color:#444444;background:#ffffff;border-color:#eeeeee #eeeeee #eeeeee #eeeeee;font-size:18px;line-height:24px;border-radius:0px 0px 0px 0px;border-width:1px 1px 1px 2px;padding-top:14px;padding-right:16px;padding-bottom:14px;padding-left:16px;margin-top:10px;}.kt-accordion-id_12f83f-2a .kt-blocks-accordion-header .kt-btn-svg-icon svg {width:18px;height:18px;}.kt-accordion-id_12f83f-2a:not( .kt-accodion-icon-style-basiccircle ):not( .kt-accodion-icon-style-xclosecircle ):not( .kt-accodion-icon-style-arrowcircle ) .kt-blocks-accordion-icon-trigger:after, .kt-accordion-id_12f83f-2a:not( .kt-accodion-icon-style-basiccircle ):not( .kt-accodion-icon-style-xclosecircle ):not( .kt-accodion-icon-style-arrowcircle ) .kt-blocks-accordion-icon-trigger:before {background:#444444;}.kt-accordion-id_12f83f-2a:not( .kt-accodion-icon-style-basic ):not( .kt-accodion-icon-style-xclose ):not( .kt-accodion-icon-style-arrow ) .kt-blocks-accordion-icon-trigger {background:#444444;}.kt-accordion-id_12f83f-2a:not( .kt-accodion-icon-style-basic ):not( .kt-accodion-icon-style-xclose ):not( .kt-accodion-icon-style-arrow ) .kt-blocks-accordion-icon-trigger:after, .kt-accordion-id_12f83f-2a:not( .kt-accodion-icon-style-basic ):not( .kt-accodion-icon-style-xclose ):not( .kt-accodion-icon-style-arrow ) .kt-blocks-accordion-icon-trigger:before {background:#ffffff;}.kt-accordion-id_12f83f-2a .kt-accordion-header-wrap .kt-blocks-accordion-header:hover, .kt-accordion-id_12f83f-2a .kt-accordion-header-wrap .kt-blocks-accordion-header:focus {color:#444444;background:#ffffff;border-color:#d4d4d4 #d4d4d4 #d4d4d4 #d4d4d4;}.kt-accordion-id_12f83f-2a:not( .kt-accodion-icon-style-basiccircle ):not( .kt-accodion-icon-style-xclosecircle ):not( .kt-accodion-icon-style-arrowcircle ) .kt-blocks-accordion-header:hover .kt-blocks-accordion-icon-trigger:after, .kt-accordion-id_12f83f-2a:not( .kt-accodion-icon-style-basiccircle ):not( .kt-accodion-icon-style-xclosecircle ):not( .kt-accodion-icon-style-arrowcircle ) .kt-blocks-accordion-header:hover .kt-blocks-accordion-icon-trigger:before, .kt-accordion-id_12f83f-2a:not( .kt-accodion-icon-style-basiccircle ):not( .kt-accodion-icon-style-xclosecircle ):not( .kt-accodion-icon-style-arrowcircle ) .kt-blocks-accordion-header:focus .kt-blocks-accordion-icon-trigger:after, .kt-accordion-id_12f83f-2a:not( .kt-accodion-icon-style-basiccircle ):not( .kt-accodion-icon-style-xclosecircle ):not( .kt-accodion-icon-style-arrowcircle ) .kt-blocks-accordion-header:focus .kt-blocks-accordion-icon-trigger:before {background:#444444;}.kt-accordion-id_12f83f-2a:not( .kt-accodion-icon-style-basic ):not( .kt-accodion-icon-style-xclose ):not( .kt-accodion-icon-style-arrow ) .kt-blocks-accordion-header:hover .kt-blocks-accordion-icon-trigger, .kt-accordion-id_12f83f-2a:not( .kt-accodion-icon-style-basic ):not( .kt-accodion-icon-style-xclose ):not( .kt-accodion-icon-style-arrow ) .kt-blocks-accordion-header:focus .kt-blocks-accordion-icon-trigger {background:#444444;}.kt-accordion-id_12f83f-2a:not( .kt-accodion-icon-style-basic ):not( .kt-accodion-icon-style-xclose ):not( .kt-accodion-icon-style-arrow ) .kt-blocks-accordion-header:hover .kt-blocks-accordion-icon-trigger:after, .kt-accordion-id_12f83f-2a:not( .kt-accodion-icon-style-basic ):not( .kt-accodion-icon-style-xclose ):not( .kt-accodion-icon-style-arrow ) .kt-blocks-accordion-header:hover .kt-blocks-accordion-icon-trigger:before, .kt-accordion-id_12f83f-2a:not( .kt-accodion-icon-style-basic ):not( .kt-accodion-icon-style-xclose ):not( .kt-accodion-icon-style-arrow ) .kt-blocks-accordion-header:focus .kt-blocks-accordion-icon-trigger:after, .kt-accordion-id_12f83f-2a:not( .kt-accodion-icon-style-basic ):not( .kt-accodion-icon-style-xclose ):not( .kt-accodion-icon-style-arrow ) .kt-blocks-accordion-header:focus .kt-blocks-accordion-icon-trigger:before {background:#ffffff;}.kt-accordion-id_12f83f-2a .kt-accordion-header-wrap .kt-blocks-accordion-header.kt-accordion-panel-active {color:#444444;background:#ffffff;border-color:#eeeeee #eeeeee #eeeeee #0e9cd1;}.kt-accordion-id_12f83f-2a:not( .kt-accodion-icon-style-basiccircle ):not( .kt-accodion-icon-style-xclosecircle ):not( .kt-accodion-icon-style-arrowcircle ) .kt-blocks-accordion-header.kt-accordion-panel-active .kt-blocks-accordion-icon-trigger:after, .kt-accordion-id_12f83f-2a:not( .kt-accodion-icon-style-basiccircle ):not( .kt-accodion-icon-style-xclosecircle ):not( .kt-accodion-icon-style-arrowcircle ) .kt-blocks-accordion-header.kt-accordion-panel-active .kt-blocks-accordion-icon-trigger:before {background:#444444;}.kt-accordion-id_12f83f-2a:not( .kt-accodion-icon-style-basic ):not( .kt-accodion-icon-style-xclose ):not( .kt-accodion-icon-style-arrow ) .kt-blocks-accordion-header.kt-accordion-panel-active .kt-blocks-accordion-icon-trigger {background:#444444;}.kt-accordion-id_12f83f-2a:not( .kt-accodion-icon-style-basic ):not( .kt-accodion-icon-style-xclose ):not( .kt-accodion-icon-style-arrow ) .kt-blocks-accordion-header.kt-accordion-panel-active .kt-blocks-accordion-icon-trigger:after, .kt-accordion-id_12f83f-2a:not( .kt-accodion-icon-style-basic ):not( .kt-accodion-icon-style-xclose ):not( .kt-accodion-icon-style-arrow ) .kt-blocks-accordion-header.kt-accordion-panel-active .kt-blocks-accordion-icon-trigger:before {background:#ffffff;}<\/style>\n<div class=\"wp-block-kadence-accordion alignnone ticss-0bd87681\"><div class=\"kt-accordion-wrap kt-accordion-wrap kt-accordion-id_12f83f-2a kt-accordion-has-2-panes kt-active-pane-0 kt-accordion-block kt-pane-header-alignment-left kt-accodion-icon-style-arrow kt-accodion-icon-side-right\" style=\"max-width:none\"><div class=\"kt-accordion-inner-wrap\" data-allow-multiple-open=\"false\" data-start-open=\"none\">\n<div class=\"wp-block-kadence-pane kt-accordion-pane kt-accordion-pane-1 kt-pane_a46a93-ab\"><div class=\"kt-accordion-header-wrap\"><button class=\"kt-blocks-accordion-header kt-acccordion-button-label-show\"><span class=\"kt-blocks-accordion-title-wrap\"><span class=\"kt-blocks-accordion-title\"><strong>Variante A: Single Split Klimager\u00e4t MIT Montage kaufen\u00a0<\/strong><\/span><\/span><span class=\"kt-blocks-accordion-icon-trigger\"><\/span><\/button><\/div><div class=\"kt-accordion-panel\"><div class=\"kt-accordion-panel-inner\">\n<ol><li>Sie suchen sich eine f\u00fcr Sie passende Klimaanlage unter den Produkten aus.<\/li><li>Sie k\u00f6nnen diese Anlage als reine Ger\u00e4telieferung kaufen, oder Sie bestellen dazu auch die Montage und die Inbetriebnahme. Nach Erhalt Ihrer Bestellung erhalten Sie eine Auftragsbest\u00e4tigung und wir kontaktieren Sie wegen einem passenden Liefer- bzw. Montagetermin.<br>Sollten die Angaben nicht mit den Angaben auf der Auftragsbest\u00e4tigung \u00fcbereinstimmen wird der Auftrag aktualisiert. Sie k\u00f6nnen auch von Ihrem Auftrag zur\u00fccktreten.<br>Bei einer Inbetriebnahme \u00fcberpr\u00fcfen wir die Installation vor Ort. Sollten M\u00e4ngel auftreten, k\u00f6nnen wir diese gerne, nach R\u00fccksprache mit Ihnen, zu unseren aktuellen Verrechnungss\u00e4tzen beheben.<\/li><li>Die Klimaanlage wird geliefert oder montiert und in Betrieb genommen. Sie erhalten eine Einschulung f\u00fcr Ihre neue KLG Klimaanlage.<\/li><\/ol>\n<\/div><\/div><\/div>\n\n\n\n<div class=\"wp-block-kadence-pane kt-accordion-pane kt-accordion-pane-2 kt-pane_0bbfba-17\"><div class=\"kt-accordion-header-wrap\"><button class=\"kt-blocks-accordion-header kt-acccordion-button-label-show\"><span class=\"kt-blocks-accordion-title-wrap\"><span class=\"kt-blocks-accordion-title\"><strong>Variante B: Single Split Klimager\u00e4t OHNE Montage kaufen<\/strong> <\/span><\/span><span class=\"kt-blocks-accordion-icon-trigger\"><\/span><\/button><\/div><div class=\"kt-accordion-panel\"><div class=\"kt-accordion-panel-inner\">\n<p>Bei einem Kauf einer Klimaanlage ohne Montage und ohne Inbetriebnahme muss vom Endkunden best\u00e4tigt werden, dass die Installation von einem zertifizierten Unternehmen ausgef\u00fchrt wird.<\/p>\n<\/div><\/div><\/div>\n<\/div><\/div><\/div>\n\n\n\n<p><strong>Lt.<\/strong><strong>&nbsp;<\/strong><strong>Verordnung<\/strong><strong>&nbsp;(EU) Nr. 517\/2014&nbsp;<\/strong><strong>des europ\u00e4ischen<\/strong><strong><\/strong><strong>Parlaments und des Rates<\/strong><strong>&nbsp;vom 16. April 2014<\/strong><strong><br><\/strong>Kapitel&nbsp;III&nbsp;&nbsp;<strong>Inverkehrbringen und \u00dcberwachung der Verwendung&nbsp;<\/strong><strong><\/strong><strong><br><\/strong><em>Artikel 11&nbsp;<\/em><strong>Beschr\u00e4nkungen des Inverkehrbringens<\/strong><strong><br><\/strong><em>1. Nicht hermetisch<\/em><em>&nbsp;<\/em><em>geschlossene Einrichtungen, die mit fluorierten Treibhausgasen bef\u00fcllt sind, d\u00fcrfen nur dann an Endverbraucher verkauft werden, wenn der Nachweis erbracht wird, dass die Installation von einem nach Artikel 10 zertifizierten Unternehmen ausgef\u00fchrt wird.<\/em><\/p>\n","protected":false},"excerpt":{"rendered":"<p>KLG Klima Shop ist die Online-Plattform f\u00fcr Kunden, die ganz einfach eine Klimaanlage in \u00d6sterreich oder Deutschland kaufen m\u00f6chten. KLG Klima Shop verkauft die angebotenen Klimaanlagen direkt \u00fcber den Webshop und bietet in \u00d6sterreich und Deutschland ebenfalls ein Festpreisangebot f\u00fcr die Montage und Inbetriebnahme der Ger\u00e4te an. Die Verrechnung und Gew\u00e4hrleistung wird \u00fcber KLG Klima [&hellip;]<\/p>\n","protected":false},"author":1,"featured_media":0,"parent":0,"menu_order":0,"comment_status":"closed","ping_status":"closed","template":"template-fullwidth.php","meta":{"kt_blocks_editor_width":""},"_links":{"self":[{"href":"https:\/\/klg-klima.shop\/de\/wp-json\/wp\/v2\/pages\/21"}],"collection":[{"href":"https:\/\/klg-klima.shop\/de\/wp-json\/wp\/v2\/pages"}],"about":[{"href":"https:\/\/klg-klima.shop\/de\/wp-json\/wp\/v2\/types\/page"}],"author":[{"embeddable":true,"href":"https:\/\/klg-klima.shop\/de\/wp-json\/wp\/v2\/users\/1"}],"replies":[{"embeddable":true,"href":"https:\/\/klg-klima.shop\/de\/wp-json\/wp\/v2\/comments?post=21"}],"version-history":[{"count":6,"href":"https:\/\/klg-klima.shop\/de\/wp-json\/wp\/v2\/pages\/21\/revisions"}],"predecessor-version":[{"id":1750,"href":"https:\/\/klg-klima.shop\/de\/wp-json\/wp\/v2\/pages\/21\/revisions\/1750"}],"wp:attachment":[{"href":"https:\/\/klg-klima.shop\/de\/wp-json\/wp\/v2\/media?parent=21"}],"curies":[{"name":"wp","href":"https:\/\/api.w.org\/{rel}","templated":true}]}}