{"id":3,"date":"2021-05-11T12:09:57","date_gmt":"2021-05-11T10:09:57","guid":{"rendered":"https:\/\/klg-klima.shop\/de\/?page_id=3"},"modified":"2021-07-02T07:34:18","modified_gmt":"2021-07-02T05:34:18","slug":"datenschutzerklaerung","status":"publish","type":"page","link":"https:\/\/klg-klima.shop\/de\/datenschutzerklaerung\/","title":{"rendered":"Datenschutzerkl\u00e4rung"},"content":{"rendered":"\n<p><strong><a href=\"#\" class=\"tronic-gdpr__open-modal\">Cookie-Einstellungen \u00f6ffnen<\/a><\/strong><\/p>\n\n\n\n<p>Der Schutz Ihrer pers\u00f6nlichen Daten ist uns ein besonderes Anliegen. Wir verarbeiten Ihre Daten daher ausschlie\u00dflich auf Grundlage der gesetzlichen Bestimmungen (DSGVO, TKG 2003). In diesen Datenschutzinformationen informieren wir Sie \u00fcber die wichtigsten Aspekte der Datenverarbeitung im Rahmen unserer Website.<\/p>\n\n\n\n<p><strong>Kontakt mit uns<\/strong><br>Wenn Sie per Formular auf der Website oder per E-Mail Kontakt mit uns aufnehmen, werden Ihre angegebenen Daten (Name, E-Mail, Stra\u00dfe, Postleitzahl und Ort) zwecks Bearbeitung der Anfrage und f\u00fcr den Fall von Anschlussfragen bei uns gespeichert. Wenn Ihre Anfrage f\u00fcr uns nicht von Interesse ist, erfolgt eine umgehende L\u00f6schung dieser Anfrage mit allen personenbezogenen Daten. In allen anderen F\u00e4llen halten wir Ihre Daten solange in Evidenz bis Sie Ihren Widerruf an <a href=\"mailto:info@klg-vertrieb.com\">info@klg-vertrieb.com<\/a>&nbsp;\u00fcbermitteln. Die Daten geben wir nicht ohne Ihre Einwilligung weiter.<\/p>\n\n\n\n<p><strong>Webshop (Datenspeicherung)<\/strong><br>Zum Zweck der Vertragsabwicklung werden folgende Daten bei uns gespeichert: Vorname, Nachname, Firmenname, Land, Stra\u00dfe, Ort\/Stadt, Bundesland\/Landkreis, Postleitzahl, Telefonnummer sowie E-Mail-Adresse des K\u00e4ufers. Die von Ihnen bereitgestellten Daten sind zur Vertragserf\u00fcllung bzw. zur Durchf\u00fchrung vorvertraglicher Ma\u00dfnahmen erforderlich. Ohne diese Daten k\u00f6nnen wir den Vertrag mit Ihnen nicht abschlie\u00dfen. Eine Daten\u00fcbermittlung an Dritte erfolgt nicht. Ein SSL-Zertifikat wird eingesetzt, um Ihre Website-Daten beim Aufruf durch den Browser sicher zu \u00fcbertragen. Nach Abbruch des Einkaufsvorganges werden die bei uns gespeicherten Daten gel\u00f6scht. Ein Kundenkonto k\u00f6nnen Sie bei uns einrichten, auf welches Sie Zugriff haben und im dem die obig angef\u00fchrten Datens\u00e4tze gespeichert werden. Im Falle eines Vertragsabschlusses werden s\u00e4mtliche Daten aus dem Vertragsverh\u00e4ltnis bis zum Ablauf der steuerrechtlichen Aufbewahrungsfrist (7 Jahre) gespeichert. Die Daten Name, Anschrift, gekaufte Waren und Kaufdatum werden dar\u00fcber hinausgehend bis zum Ablauf der Produkthaftung (10 Jahre) gespeichert. Die f\u00fcr Sie m\u00f6glichen Bezahlvorg\u00e4nge (PayPal, Kreditkarte oder Sofort-\u00dcberweisung) erfordern zus\u00e4tzliche Daten, die zur Zahlungsabwicklung beim Diensteanbieter ben\u00f6tigt werden (Bankleitzahl, Kontonummer, Bank, Kontoinhaber, Kreditkartennummer, Inhaber, CVC Code), aber nicht bei uns gespeichert werden. Die Datenverarbeitung erfolgt auf Basis der gesetzlichen Bestimmungen des \u00a7 96 Abs. 3 TKG sowie des Art 6 Abs. 1 lit a (Einwilligung) und\/oder lit b (notwendig zur Vertragserf\u00fcllung) der DSGVO.<\/p>\n\n\n\n<p><strong>Cookies<\/strong><br>Unsere Website verwendet sogenannte Cookies. Dabei handelt es sich um kleine Textdateien, die mit Hilfe des Browsers auf Ihrem Endger\u00e4t abgelegt werden. Sie richten keinen Schaden an. Wir nutzen Cookies dazu, unser Angebot nutzerfreundlich zu gestalten. Einige Cookies bleiben auf Ihrem Endger\u00e4t gespeichert, bis Sie diese l\u00f6schen. Sie erm\u00f6glichen es uns, Ihren Browser beim n\u00e4chsten Besuch wiederzuerkennen.Wenn Sie dies nicht w\u00fcnschen, so k\u00f6nnen Sie Ihren Browser so einrichten, dass er Sie \u00fcber das Setzen von Cookies informiert und Sie dies nur im Einzelfall erlauben. Bei der Deaktivierung von Cookies kann die Funktionalit\u00e4t unserer Website eingeschr\u00e4nkt sein und sich nachteilig auf das Erscheinungsbild und Ihre Nutzererfahrung auswirken.<\/p>\n\n\n\n<p><strong>Web-Analyse<\/strong><br>Diese Website benutzt Google Analytics, einen Webanalysedienst der Google Inc. (\u201eGoogle\u201c). Google Analytics verwendet sogenannte \u201eCookies\u201c, Textdateien, die auf Ihrem Computer gespeichert werden und die eine Analyse der Benutzung der Website durch Sie erm\u00f6glichen. Die durch den Cookie erzeugten Informationen \u00fcber Ihre Benutzung dieser Website (einschlie\u00dflich Ihrer IP-Adresse) wird an einen Server von Google in den USA \u00fcbertragen und dort gespeichert. Google wird diese Informationen benutzen, um Ihre Nutzung der Website auszuwerten, um Reports \u00fcber die Websiteaktivit\u00e4ten f\u00fcr die Websitebetreiber zusammenzustellen und um weitere mit der Websitenutzung und der Internetnutzung verbundene Dienstleistungen zu erbringen. Auch wird Google diese Informationen gegebenenfalls an Dritte \u00fcbertragen, sofern dies gesetzlich vorgeschrieben oder soweit Dritte diese Daten im Auftrag von Google verarbeiten. Google wird in keinem Fall Ihre IP-Adresse mit anderen Daten von Google in Verbindung bringen. Sie k\u00f6nnen die Installation der Cookies durch eine entsprechende Einstellung Ihrer Browser-Software verhindern; wir weisen Sie jedoch darauf hin, dass Sie in diesem Fall gegebenenfalls nicht s\u00e4mtliche Funktionen dieser Website vollumf\u00e4nglich nutzen k\u00f6nnen. Durch die Nutzung dieser Website erkl\u00e4ren Sie sich mit der Bearbeitung der \u00fcber Sie erhobenen Daten durch Google in der zuvor beschriebenen Art und Weise und zu dem zuvor benannten Zweck einverstanden. Angesichts der Diskussion um den Einsatz von Analysetools mit vollst\u00e4ndigen IP-Adressen m\u00f6chten wir darauf hinweisen, dass diese Website Google Analytics mit der Erweiterung \u201eanonymizeIp\u201c verwendet und daher IP-Adressen nur gek\u00fcrzt weiterverarbeitet werden, um eine direkte Personenbeziehbarkeit auszuschlie\u00dfen.<br>US-Unternehmen haben die M\u00f6glichkeit, sich in eine vom US-Handelsministerium gef\u00fchrten Liste (\u201ePrivacy Shield List\u201c) eintragen zu lassen, wenn sie sich zur Einhaltung der vereinbarten verbindlichen Anforderungen (\u201ePrivacy Shield Principles\u201c) durch eine Selbstzertifizierung gegen\u00fcber dem US-Handelsministerium verpflichten. Damit verf\u00fcgt die USA \u00fcber ein angemessenes Datenschutzniveau f\u00fcr den Datentransfer aus der Europ\u00e4ischen Union an US-Unternehmen.<br>Google und PrivacyShield:&nbsp;<a href=\"https:\/\/support.google.com\/analytics\/answer\/7105316?hl=de.\">https:\/\/support.google.com\/analytics\/answer\/7105316?hl=de.<\/a><\/p>\n\n\n\n<p><strong>Social Plugins<\/strong><br>Auf unserer Webseite k\u00f6nnen Social Plugins (\u201cPlugins\u201d) des sozialen Netzwerkes&nbsp;facebook.com&nbsp;verwendet werden. Dieser Dienst wird vom Unternehmen Facebook Inc. angeboten (\u201eAnbieter\u201c). Facebook wird betrieben von der Facebook Inc.,&nbsp;1601 S. California Ave, Palo Alto, CA 94304, USA&nbsp;(\u201cFacebook\u201d). Eine \u00dcbersicht \u00fcber die Plugins von Facebook und deren Aussehen finden Sie hier:&nbsp;https:\/\/developers.facebook.com\/docs\/plugins.Das enthaltene Plugin ist deutlich sichtbar mit dem Facebook Logo (z.B. schwarzes \u201ef\u201c in der Kopfmen\u00fcleiste) oder mit dem Satz \u201eFolge uns aus Facebook\u201c gekennzeichnet.<br>Wenn Sie diese Webseite aufrufen, die ein solches Plugin enth\u00e4lt, baut Ihr Browser eine direkte Verbindung mit den Servern von Facebook auf und Facebook \u00fcbermittelt den Inhalt des Plugins direkt an Ihren Browser. Wenn Sie nicht m\u00f6chten, dass Facebook den Besuch unserer Webseite ihrem dortigen Benutzerkonto zuordnen kann, m\u00fcssen Sie sich vor Ihrem Besuch unseres Internetauftritts bei dem jeweiligen Dienst ausloggen.Zweck und Umfang der Datenerhebung und die weitere Verarbeitung und Nutzung der Daten durch Facebook sowie Ihre diesbez\u00fcglichen Rechte und Einstellungsm\u00f6glichkeiten zum Schutz Ihrer Privatsph\u00e4re entnehmen Sie bitte dem Datenschutzhinweis des Anbieters:Datenschutzhinweise von Facebook:&nbsp;<a href=\"http:\/\/www.facebook.com\/policy.php\">http:\/\/www.facebook.com\/policy.php<\/a>.<br>Beachten Sie bitte, dass Facebook das soziale Netz st\u00e4ndig weiterentwickelt und \u00fcber die damit verbundene Datennutzung informiert. <br>Hier informieren&nbsp;<a href=\"http:\/\/de.facebook.com\/privacy\/explanation.php\">http:\/\/de.facebook.com\/privacy\/explanation.php<\/a>.<br>F\u00fcr den Inhalt der Webseiten und der Datenschutzhinweise von Facebook \u00fcbernehmen wir keine Verantwortung.<\/p>\n\n\n\n<p><strong>SSL-Verschl\u00fcsselung<\/strong><br>Diese Seite nutzt aus Gr\u00fcnden der Sicherheit und zum Schutz der \u00dcbertragung vertraulicher Inhalte, wie zum Beispiel von Anfragen, die Sie an uns als Seitenbetreiber senden, eine SSL-Verschl\u00fcsselung. Eine verschl\u00fcsselte Verbindung erkennen Sie daran, dass die Adresszeile des Browsers von \u201ehttp:\/\/\u201c auf \u201ehttps:\/\/\u201c wechselt und\/oder an dem Schloss-Symbol in Ihrer Browserzeile. Wenn die SSL Verschl\u00fcsselung aktiviert ist, k\u00f6nnen die Daten, die Sie an uns \u00fcbermitteln, nicht von Dritten mitgelesen werden.<\/p>\n\n\n\n<p><strong>Ihre Rechte<\/strong><br>Ihnen stehen grunds\u00e4tzlich die Rechte auf Auskunft, Berichtigung, L\u00f6schung, Einschr\u00e4nkung, Daten\u00fcbertragbarkeit, Widerruf und Widerspruch zu. Wenn Sie glauben, dass die Verarbeitung Ihrer Daten gegen das Datenschutzrecht verst\u00f6\u00dft oder Ihre datenschutzrechtlichen Anspr\u00fcche sonst in einer Weise verletzt worden sind, k\u00f6nnen Sie sich bei der Aufsichtsbeh\u00f6rde beschweren. In \u00d6sterreich ist dies die Datenschutzbeh\u00f6rde.<\/p>\n\n\n\n<p>Sie erreichen uns unter folgenden Kontaktdaten:<\/p>\n\n\n\n<p>KLG Vertrieb GmbH<br>Grazer Stra\u00dfe 87<br>A &#8211; 8111 Gratwein-Stra\u00dfengel<br>Telefon: +43(0)316 \/ 6006<br>E-Mail: <a href=\"mailto:info@klg-vertrieb.com\">info@klg-vertrieb.com<\/a><\/p>\n","protected":false},"excerpt":{"rendered":"<p>Der Schutz Ihrer pers\u00f6nlichen Daten ist uns ein besonderes Anliegen. Wir verarbeiten Ihre Daten daher ausschlie\u00dflich auf Grundlage der gesetzlichen Bestimmungen (DSGVO, TKG 2003). In diesen Datenschutzinformationen informieren wir Sie \u00fcber die wichtigsten Aspekte der Datenverarbeitung im Rahmen unserer Website. Kontakt mit unsWenn Sie per Formular auf der Website oder per E-Mail Kontakt mit uns [&hellip;]<\/p>\n","protected":false},"author":1,"featured_media":0,"parent":0,"menu_order":0,"comment_status":"closed","ping_status":"open","template":"template-fullwidth-contained.php","meta":{"kt_blocks_editor_width":""},"_links":{"self":[{"href":"https:\/\/klg-klima.shop\/de\/wp-json\/wp\/v2\/pages\/3"}],"collection":[{"href":"https:\/\/klg-klima.shop\/de\/wp-json\/wp\/v2\/pages"}],"about":[{"href":"https:\/\/klg-klima.shop\/de\/wp-json\/wp\/v2\/types\/page"}],"author":[{"embeddable":true,"href":"https:\/\/klg-klima.shop\/de\/wp-json\/wp\/v2\/users\/1"}],"replies":[{"embeddable":true,"href":"https:\/\/klg-klima.shop\/de\/wp-json\/wp\/v2\/comments?post=3"}],"version-history":[{"count":5,"href":"https:\/\/klg-klima.shop\/de\/wp-json\/wp\/v2\/pages\/3\/revisions"}],"predecessor-version":[{"id":1751,"href":"https:\/\/klg-klima.shop\/de\/wp-json\/wp\/v2\/pages\/3\/revisions\/1751"}],"wp:attachment":[{"href":"https:\/\/klg-klima.shop\/de\/wp-json\/wp\/v2\/media?parent=3"}],"curies":[{"name":"wp","href":"https:\/\/api.w.org\/{rel}","templated":true}]}}