{"id":408,"date":"2018-03-23T12:37:12","date_gmt":"2018-03-23T11:37:12","guid":{"rendered":"http:\/\/www.klimondo.at\/produkt\/daikin-perfera-weiss-2-kw\/"},"modified":"2023-04-10T13:10:53","modified_gmt":"2023-04-10T11:10:53","slug":"daikin-perfera-weiss-2-kw","status":"publish","type":"product","link":"https:\/\/klg-klima.shop\/de\/produkt\/daikin-perfera-weiss-2-kw\/","title":{"rendered":"Daikin Perfera 2 kW"},"content":{"rendered":"<ul>\n<li><span style=\"font-weight: 400\">Praktisch nicht zu h\u00f6ren: Das Daikin Perfera Innenger\u00e4t l\u00e4uft so leise, dass Sie fast vergessen werden, dass es da ist.<\/span><\/li>\n<li style=\"font-weight: 400\"><span style=\"font-weight: 400\">Saisonale Effizienzwerte bis A+++<\/span><\/li>\n<li>Leisebetrieb: Schalldruckpegel von bis zu 19\u00a0dB(A)<\/li>\n<li><span style=\"font-weight: 400\">Schlanke, unaufdringliche Klimaanlage, die zu den europ\u00e4ischen Sensibilit\u00e4ten hinsichtlich der Innengestaltung passt<\/span><\/li>\n<li>Daikin Residential Controller: Regeln Sie Ihr Innenger\u00e4t von jedem Standort aus \u00fcber eine App, Ihr lokales Netzwerk oder Internet.<\/li>\n<li>Sprachsteuerung wesentlicher Funktionen wie Solltemperatur, Betriebsart, Ventilatordrehzahl usw. via Amazon Alexa oder Google Assistant<\/li>\n<li><span style=\"font-weight: 400\">Bei \u201e3D-Luftstrom\u201c werden vertikales und horizontales automatisches Schwenkes kombiniert, damit der k\u00fchle\/warme Luftstrom bis in alle Ecken auch gr\u00f6\u00dferer R\u00e4ume zirkuliert<\/span><\/li>\n<li>Der Flash Streamer l\u00f6st anhand von Elektronen chemische Reaktionen mit den Molek\u00fclen in der Luft aus, sodass Allergene wie Pollen und Pilzallergene zerst\u00f6rt und l\u00e4stige Ger\u00fcche beseitigt werden und Sie eine bessere, sauberere Luft genie\u00dfen k\u00f6nnen.<\/li>\n<li>Bei aktivierter Funktion \u201eHeat Boost\u201c heizt diese Klimaanlage Ihr Zuhause nach dem Einschalten blitzschnell auf wohlige Temperaturen. Der Solltemperatur wird im Vergleich zu einer herk\u00f6mmlichen Klimaanlage (nur Monosplit) in einer um 14\u00a0% k\u00fcrzeren Zeit erreicht<\/li>\n<li>Sensor zur Bewegungserkennung in 2\u00a0Bereichen: Luftstrom wird nicht direkt auf den momentanen Aufenthaltsort der Person gerichtet; Werden keine Personen erkannt, schaltet das Ger\u00e4t automatisch auf die Energiespareinstellungen um. (Gr\u00f6\u00dferer Leistungsbereich)<\/li>\n<li style=\"font-weight: 400\"><span style=\"font-weight: 400\">Daikin Au\u00dfenger\u00e4te sind mit einem Swingverdichter ausgestattet, der sich durch einen niedrigen Ger\u00e4uschpegel und \u00e4u\u00dferst geringen Energieverbrauch auszeichnet<\/span><\/li>\n<\/ul>\n","protected":false},"excerpt":{"rendered":"<p class=\"p1\">Wandger\u00e4t in attraktivem Design f\u00fcr perfekte Raumluft<\/p>\n<p><a href=\"https:\/\/klg-klima.shop\/de\/wp-content\/uploads\/sites\/4\/2018\/03\/Produktdatenblatt-Daikin-Perfera.pdf\" target=\"_blank\" rel=\"noopener\"><strong>Produktdatenblatt herunterladen<\/strong><\/a><\/p>\n","protected":false},"featured_media":1629,"comment_status":"closed","ping_status":"closed","template":"","meta":{"kt_blocks_editor_width":""},"product_cat":[121],"product_tag":[],"wcpa_form_fields":{"rules":{"pric_overide_base_price":false,"pric_overide_base_price_if_gt_zero":false,"pric_overide_base_price_fully":false,"pric_cal_option_once":false,"pric_use_as_fee":true,"bind_quantity":false,"quantity_bind_formula":false},"fields":[{"type":"select","elementId":"wcpa-select-1622192453472","label":"Montagematerial (optional)","description":"Enthalten sind Elektrokabel, Kupferrohre und Kleinmaterial","desc_type":true,"placeholder":"Bitte w\u00e4hlen","enablePrice":true,"priceOptions":"different_for_all","pricingType":"fixed","name":"select-1622192453472","cl_rule":"show","col":6,"values":[{"label":" Montagematerial bis 5 Meter","value":" Montagematerial bis 5 Meter","price":"193,90","pimage":"","pimage_id":"","pthumb":""},{"label":" Montagematerial bis 10 Meter","value":" Montagematerial bis 10 Meter","price":"286,55","pimage":"","pimage_id":"","pthumb":""},{"label":" Montagematerial bis 15 Meter","value":" Montagematerial bis 15 Meter","price":"379,20","pimage":"","pimage_id":"","pthumb":""},{"label":" Montagematerial bis 20 Meter","value":" Montagematerial bis 20 Meter","price":"471,85","pimage":"","pimage_id":"","pthumb":""},{"label":" Montagematerial bis 25 Meter","value":" Montagematerial bis 25 Meter","price":"564,50","pimage":"","pimage_id":"","pthumb":""}],"relations":false,"form_id":1640,"form_rules":{"pric_cal_option_once":false,"exclude_from_discount":false,"pric_use_as_fee":false,"fee_label":"Geb\u00fchr","render_after_acb":false,"disp_hide_options_price":false}},{"type":"image-group","label":"Kabelkanal","elementId":"wcpa-image-group-1622097222168","priceOptions":"different_for_all","pricingType":"fixed","disp_size_img":"100","enable_popup":"all","name":"image-group-1622097222168","hideFieldIn_cart":true,"hideFieldIn_order":true,"disp_type":"square","img_selection_type":"shadow","other_text":"Other","enableCl":true,"cl_rule":"show","col":6,"values":[{"label":"Kabelkanal 60x110mm (Einheit: 2m), zzgl. Versandpauschale \u20ac 20,00 exkl. MwSt.","price":"","image":"http:\/\/klg.d.trnc.wtf\/wp-content\/uploads\/2021\/05\/kabelkanal.jpg","image_id":"1648","thumb":"http:\/\/klg.d.trnc.wtf\/wp-content\/uploads\/2021\/05\/kabelkanal-150x150.jpg"}],"relations":[{"operator":false,"rules":[{"operator":false,"rules":{"cl_field":"wcpa-select-1622192453472","cl_relation":"is_not_empty","cl_val":false}}]}],"form_id":1640,"form_rules":{"pric_cal_option_once":false,"exclude_from_discount":false,"pric_use_as_fee":false,"fee_label":"Geb\u00fchr","render_after_acb":false,"disp_hide_options_price":false}},{"type":"number","elementId":"wcpa-number-1622097319752","label":"Kabelkanal (m)","description":"Bitte w\u00e4hlen Sie eine L\u00e4nge.","enablePrice":true,"pricingType":"multiply","price":"10,23","min":"2","step":"2","name":"number-1622097319752","enableCl":true,"cl_rule":"show","col":6,"relations":[{"operator":false,"rules":[{"operator":false,"rules":{"cl_field":"wcpa-image-group-1622097222168","cl_relation":"is","cl_val":{"i":"0","value":"http:\/\/klg.d.trnc.wtf\/wp-content\/uploads\/2021\/05\/kabelkanal.jpg"}}}]}],"form_id":1640,"form_rules":{"pric_cal_option_once":false,"exclude_from_discount":false,"pric_use_as_fee":false,"fee_label":"Geb\u00fchr","render_after_acb":false,"disp_hide_options_price":false}},{"type":"number","required":true,"elementId":"wcpa-number-1622192967157","label":"Kabelkanal Versandpauschale","value":"20","enablePrice":true,"pricingType":"fixed","price":"20","use_as_fee":true,"min":"20","max":"20","className":"kabelkanal-versandpauschale","name":"number-1622192967157","fee_label":"Kabelkanal Versandpauschale","disable_manual_input":true,"enableCl":true,"cl_rule":"show","cl_val":"0","col":6,"relations":[{"operator":false,"rules":[{"operator":false,"rules":{"cl_field":"wcpa-number-1622097319752","cl_relation":"is_greater","cl_val":"0"}}]}],"form_id":1640,"form_rules":{"pric_cal_option_once":false,"exclude_from_discount":false,"pric_use_as_fee":false,"fee_label":"Geb\u00fchr","render_after_acb":false,"disp_hide_options_price":false}},{"type":"image-group","label":"Kondensatpumpe f\u00fcr Klima-Wandger\u00e4t","elementId":"wcpa-image-group-1622106691977","enablePrice":true,"priceOptions":"different_for_all","pricingType":"fixed","disp_size_img":"100","enable_popup":"all","name":"image-group-1622106691977","hideImageIn_cart":true,"hideImageIn_order":true,"hideImageIn_email":true,"disp_type":"square","img_selection_type":"shadow","other_text":"Other","enableCl":true,"cl_rule":"show","col":6,"values":[{"label":"Kondensatpumpe f\u00fcr Klima-Wandger\u00e4t","price":"148,50","image":"http:\/\/klg.d.trnc.wtf\/wp-content\/uploads\/2021\/05\/tauwasserpumpe.jpg","image_id":"1644","thumb":"http:\/\/klg.d.trnc.wtf\/wp-content\/uploads\/2021\/05\/tauwasserpumpe-150x150.jpg"}],"relations":[{"operator":false,"rules":[{"operator":false,"rules":{"cl_field":"wcpa-select-1622192453472","cl_relation":"is_not_empty","cl_val":false}}]}],"form_id":1640,"form_rules":{"pric_cal_option_once":false,"exclude_from_discount":false,"pric_use_as_fee":false,"fee_label":"Geb\u00fchr","render_after_acb":false,"disp_hide_options_price":false}},{"type":"image-group","label":"Konsolen f\u00fcr Klima-Au\u00dfenger\u00e4t","elementId":"wcpa-image-group-1622095841486","enablePrice":true,"priceOptions":"different_for_all","pricingType":"fixed","disp_size_img":"100","enable_popup":"all","name":"image-group-1622095841486","hideImageIn_cart":true,"hideImageIn_order":true,"hideImageIn_email":true,"disp_type":"square","img_selection_type":"shadow","other_text":"Other","enableCl":true,"cl_rule":"show","col":6,"values":[{"label":"Wandkonsole (Leichte Ausf\u00fchrung)","price":"45","image":"http:\/\/klg.d.trnc.wtf\/wp-content\/uploads\/2021\/05\/wandkonsole1.jpg","image_id":"1643","thumb":"http:\/\/klg.d.trnc.wtf\/wp-content\/uploads\/2021\/05\/wandkonsole1-150x150.jpg"},{"label":"Wandkonsole (Schwere Ausf\u00fchrung)","price":"97","image":"http:\/\/klg.d.trnc.wtf\/wp-content\/uploads\/2021\/05\/wandkonsole2.jpg","image_id":"1642","thumb":"http:\/\/klg.d.trnc.wtf\/wp-content\/uploads\/2021\/05\/wandkonsole2-150x150.jpg"},{"label":"2xBodenkonsole L=400mm","price":"39,90","image":"http:\/\/klg.d.trnc.wtf\/wp-content\/uploads\/2021\/05\/standkonsole.jpg","image_id":"1645","thumb":"http:\/\/klg.d.trnc.wtf\/wp-content\/uploads\/2021\/05\/standkonsole-150x150.jpg"},{"label":"2xBodenkonsole L=600mm","price":"44,90","image":"http:\/\/klg.d.trnc.wtf\/wp-content\/uploads\/2021\/05\/standkonsole.jpg","image_id":"1645","thumb":"http:\/\/klg.d.trnc.wtf\/wp-content\/uploads\/2021\/05\/standkonsole-150x150.jpg"}],"relations":[{"operator":false,"rules":[{"operator":false,"rules":{"cl_field":"wcpa-select-1622192453472","cl_relation":"is_not_empty","cl_val":false}}]}],"form_id":1640,"form_rules":{"pric_cal_option_once":false,"exclude_from_discount":false,"pric_use_as_fee":false,"fee_label":"Geb\u00fchr","render_after_acb":false,"disp_hide_options_price":false}},{"type":"image-group","label":"Schwitzwasserleitung","elementId":"wcpa-image-group-1622108217341","priceOptions":"different_for_all","pricingType":"fixed","disp_size_img":"100","enable_popup":"all","name":"image-group-1622108217341","hideImageIn_cart":true,"hideImageIn_order":true,"hideImageIn_email":true,"disp_type":"square","img_selection_type":"shadow","other_text":"Other","enableCl":true,"cl_rule":"show","col":6,"values":[{"label":"PVC-Schlauch, glasklar mit Einlage, lichte Weite 6 mm, Wandst\u00e4rke 3,0 mm (Achtung: Nur in Verbindung mit einer Tauwasserpumpe notwendig.)","price":"","image":"http:\/\/klg.d.trnc.wtf\/wp-content\/uploads\/2021\/05\/schlauch1.jpg","image_id":"1647","thumb":"http:\/\/klg.d.trnc.wtf\/wp-content\/uploads\/2021\/05\/schlauch1-150x150.jpg"},{"label":"PVC-Schlauch, glasklar mit Einlage, lichte Weite 16 mm, Wandst\u00e4rke 3,7 mm","price":"","image":"http:\/\/klg.d.trnc.wtf\/wp-content\/uploads\/2021\/05\/schlauch1.jpg","image_id":"1647","thumb":"http:\/\/klg.d.trnc.wtf\/wp-content\/uploads\/2021\/05\/schlauch1-150x150.jpg"},{"label":"PVC-Schlauch weiss ohne Einlage innen glatt, lichte Weite 16mm","price":"","image":"http:\/\/klg.d.trnc.wtf\/wp-content\/uploads\/2021\/05\/schlauch2.jpg","image_id":"1646","thumb":"http:\/\/klg.d.trnc.wtf\/wp-content\/uploads\/2021\/05\/schlauch2-150x150.jpg"}],"relations":[{"operator":false,"rules":[{"operator":false,"rules":{"cl_field":"wcpa-select-1622192453472","cl_relation":"is_not_empty","cl_val":false}}]}],"form_id":1640,"form_rules":{"pric_cal_option_once":false,"exclude_from_discount":false,"pric_use_as_fee":false,"fee_label":"Geb\u00fchr","render_after_acb":false,"disp_hide_options_price":false}},{"type":"number","elementId":"wcpa-number-1622109443944","label":"Schlauchl\u00e4nge (m)","description":"Bitte w\u00e4hlen Sie eine L\u00e4nge.","enablePrice":true,"pricingType":"multiply","price":"1,61","min":"1","step":"1","name":"number-1622109443941","enableCl":true,"cl_rule":"show","col":6,"relations":[{"operator":false,"rules":[{"operator":false,"rules":{"cl_field":"wcpa-image-group-1622108217341","cl_relation":"is","cl_val":{"i":"0","value":"http:\/\/klg.d.trnc.wtf\/wp-content\/uploads\/2021\/05\/schlauch1.jpg"}}}]}],"form_id":1640,"form_rules":{"pric_cal_option_once":false,"exclude_from_discount":false,"pric_use_as_fee":false,"fee_label":"Geb\u00fchr","render_after_acb":false,"disp_hide_options_price":false}},{"type":"number","elementId":"wcpa-number-1622109689980","label":"Schlauchl\u00e4nge (m)","description":"Bitte w\u00e4hlen Sie eine L\u00e4nge.","enablePrice":true,"pricingType":"multiply","price":"4,76","min":"1","step":"1","name":"number-1622109689978","enableCl":true,"cl_rule":"show","col":6,"relations":[{"operator":false,"rules":[{"operator":false,"rules":{"cl_field":"wcpa-image-group-1622108217341","cl_relation":"is","cl_val":{"i":"1","value":"http:\/\/klg.d.trnc.wtf\/wp-content\/uploads\/2021\/05\/schlauch1.jpg"}}}]}],"form_id":1640,"form_rules":{"pric_cal_option_once":false,"exclude_from_discount":false,"pric_use_as_fee":false,"fee_label":"Geb\u00fchr","render_after_acb":false,"disp_hide_options_price":false}},{"type":"number","elementId":"wcpa-number-1622109762013","label":"Schlauchl\u00e4nge (m)","description":"Bitte w\u00e4hlen Sie eine L\u00e4nge.","enablePrice":true,"pricingType":"multiply","price":"2,34","min":"1","step":"1","name":"number-1622109762011","enableCl":true,"cl_rule":"show","col":6,"relations":[{"operator":false,"rules":[{"operator":false,"rules":{"cl_field":"wcpa-image-group-1622108217341","cl_relation":"is","cl_val":{"i":"2","value":"http:\/\/klg.d.trnc.wtf\/wp-content\/uploads\/2021\/05\/schlauch2.jpg"}}}]}],"form_id":1640,"form_rules":{"pric_cal_option_once":false,"exclude_from_discount":false,"pric_use_as_fee":false,"fee_label":"Geb\u00fchr","render_after_acb":false,"disp_hide_options_price":false}},{"type":"select","elementId":"wcpa-select-1622054190962","label":"Inbetriebnahme\/Montage (optional)","description":"Nur Dienstleistung ohne Montagematerial","desc_type":true,"placeholder":"Bitte w\u00e4hlen\u2026","enablePrice":true,"priceOptions":"different_for_all","pricingType":"fixed","name":"select-1622054190962","cl_rule":"show","col":6,"values":[{"label":"Inbetriebnahme","value":"Inbetriebnahme","price":"457,20","pimage":"","pimage_id":"","pthumb":""},{"label":"Inbetriebnahme inkl. hydraulischer Anschluss","value":"Inbetriebnahme inkl. hydraulischer Anschluss","price":"620,40","pimage":"","pimage_id":"","pthumb":""},{"label":"Montage inkl. Inbetriebnahme bis 5 Meter","value":"Montage inkl. Inbetriebnahme bis 5 Meter","price":"855,80","pimage":"","pimage_id":"","pthumb":""},{"label":"Montage inkl. Inbetriebnahme bis 10 Meter","value":"Montage inkl. Inbetriebnahme bis 10 Meter","price":"1027,30","pimage":"","pimage_id":"","pthumb":""},{"label":"Montage inkl. Inbetriebnahme bis 15 Meter","value":"Montage inkl. Inbetriebnahme bis 15 Meter","price":"1198,80","pimage":"","pimage_id":"","pthumb":""},{"label":"Montage inkl. Inbetriebnahme bis 20 Meter","value":"Montage inkl. Inbetriebnahme bis 20 Meter","price":"1370,30","pimage":"","pimage_id":"","pthumb":""},{"label":"Montage inkl. Inbetriebnahme bis 25 Meter","value":"Montage inkl. Inbetriebnahme bis 25 Meter","price":"1541,80","pimage":"","pimage_id":"","pthumb":""}],"relations":false,"form_id":1639,"form_rules":{"pric_cal_option_once":false,"exclude_from_discount":false,"pric_use_as_fee":false,"fee_label":"Geb\u00fchr","render_after_acb":false,"disp_hide_options_price":false}},{"type":"number","elementId":"wcpa-number-1622195007270","label":"Montage Kabelkanal (optional)","description":"Montage Kabelkanal durch unser Fachpersonal","desc_type":true,"placeholder":"Bitte geben Sie die L\u00e4nge des Kabelkanales ein","enablePrice":true,"pricingType":"multiply","price":"29","min":"2","step":"2","name":"number-1622195007270","enableCl":true,"cl_rule":"show","col":6,"relations":[{"operator":false,"rules":[{"operator":false,"rules":{"cl_field":"wcpa-select-1622054190962","cl_relation":"is_not_empty","cl_val":false}}]}],"form_id":1639,"form_rules":{"pric_cal_option_once":false,"exclude_from_discount":false,"pric_use_as_fee":false,"fee_label":"Geb\u00fchr","render_after_acb":false,"disp_hide_options_price":false}},{"type":"select","elementId":"wcpa-select-1623781217619","label":"Montage Tauwasserpumpe (optional)","description":"Montage Tauwasserpumpe durch unser Fachpersonal","desc_type":true,"placeholder":"Bitte w\u00e4hlen\u2026","enablePrice":true,"priceOptions":"different_for_all","pricingType":"fixed","name":"select-1623781217618","enableCl":true,"cl_rule":"show","col":6,"values":[{"label":"Ja","value":"ja","price":"85","pimage":"","pimage_id":"","pthumb":""}],"relations":[{"operator":false,"rules":[{"operator":false,"rules":{"cl_field":"wcpa-select-1622054190962","cl_relation":"is_not_empty","cl_val":false}}]}],"form_id":1639,"form_rules":{"pric_cal_option_once":false,"exclude_from_discount":false,"pric_use_as_fee":false,"fee_label":"Geb\u00fchr","render_after_acb":false,"disp_hide_options_price":false}},{"type":"select","elementId":"wcpa-select-1624790510349","label":"Montage Wand- oder Standkonsole (optional)","description":"Montage Wand- oder Standkonsole durch unser Fachpersonal","desc_type":true,"placeholder":"Bitte w\u00e4hlen\u2026","enablePrice":true,"priceOptions":"different_for_all","pricingType":"fixed","name":"select-1624790510345","enableCl":true,"cl_rule":"show","col":6,"values":[{"label":"Ja","value":"ja","price":"45","pimage":"","pimage_id":"","pthumb":""}],"relations":[{"operator":false,"rules":[{"operator":false,"rules":{"cl_field":"wcpa-select-1622054190962","cl_relation":"is_not_empty","cl_val":false}}]}],"form_id":1639,"form_rules":{"pric_cal_option_once":false,"exclude_from_discount":false,"pric_use_as_fee":false,"fee_label":"Geb\u00fchr","render_after_acb":false,"disp_hide_options_price":false}},{"type":"number","elementId":"wcpa-number-1623411152816","label":"Anfahrt \u00fcber 50km (einfache Entfernung) zum KLG-Standort (optional)","description":"50km Anfahrt (einfache Entfernung) sind im Montagepaket inbegriffen. Jeder weitere KM wird zus\u00e4tzlich verrechnet.","desc_type":true,"placeholder":"Bitte geben Sie die zus\u00e4tzlichen KM ein.","enablePrice":true,"pricingType":"multiply","price":"1,74","min":"1","step":"1","name":"number-1623411152815","enableCl":true,"cl_rule":"show","col":6,"relations":[{"operator":false,"rules":[{"operator":false,"rules":{"cl_field":"wcpa-select-1622054190962","cl_relation":"is_not_empty","cl_val":false}}]}],"form_id":1639,"form_rules":{"pric_cal_option_once":false,"exclude_from_discount":false,"pric_use_as_fee":false,"fee_label":"Geb\u00fchr","render_after_acb":false,"disp_hide_options_price":false}},{"type":"select","elementId":"wcpa-select-1622194061481","label":"Besichtigung durch Fachpersonal (optional)","placeholder":"Bitte w\u00e4hlen\u2026","enablePrice":true,"priceOptions":"different_for_all","pricingType":"fixed","name":"select-1622194061481","enableCl":true,"cl_rule":"show","col":6,"values":[{"label":"Ja, Umkreis 50km","value":"Ja, Umkreis 50km","price":"277,50","pimage":"","pimage_id":"","pthumb":""}],"relations":[{"operator":false,"rules":[{"operator":false,"rules":{"cl_field":"wcpa-select-1622054190962","cl_relation":"is_not_empty","cl_val":false}}]}],"form_id":1639,"form_rules":{"pric_cal_option_once":false,"exclude_from_discount":false,"pric_use_as_fee":false,"fee_label":"Geb\u00fchr","render_after_acb":false,"disp_hide_options_price":false}},{"type":"file","elementId":"wcpa-file-1622194334151","label":"Video (optional)","description":"Bitte laden Sie ein Video von dem m\u00f6glichen Standort des Klima Innenger\u00e4tes bzw. des Klima Aussenger\u00e4tes hoch.","desc_type":true,"placeholder":"Video","pricingType":"fixed","ajax_upload":true,"uploadsize":"20","name":"file-1622194334151","hideFieldIn_cart":true,"hideFieldIn_order":true,"hideImageIn_cart":true,"hideImageIn_order":true,"hideImageIn_email":true,"showUploadPreview":true,"enableCl":true,"cl_rule":"show","col":6,"relations":[{"operator":false,"rules":[{"operator":false,"rules":{"cl_field":"wcpa-select-1622054190962","cl_relation":"is_not_empty","cl_val":false}}]}],"form_id":1639,"form_rules":{"pric_cal_option_once":false,"exclude_from_discount":false,"pric_use_as_fee":false,"fee_label":"Geb\u00fchr","render_after_acb":false,"disp_hide_options_price":false}},{"type":"file","elementId":"wcpa-file-1623409957268","label":"Foto Klima Innenger\u00e4t (optional)","description":"Bitte laden Sie ein Foto dem m\u00f6glichen Standort des Klima Innenger\u00e4ts hoch.","desc_type":true,"placeholder":"Innenger\u00e4t","pricingType":"fixed","ajax_upload":true,"uploadsize":"5","name":"file-1623409957267","hideFieldIn_cart":true,"hideFieldIn_order":true,"hideImageIn_cart":true,"hideImageIn_order":true,"hideImageIn_email":true,"showUploadPreview":true,"enableCl":true,"cl_rule":"show","col":6,"relations":[{"operator":false,"rules":[{"operator":false,"rules":{"cl_field":"wcpa-select-1622054190962","cl_relation":"is_not_empty","cl_val":false}}]}],"form_id":1639,"form_rules":{"pric_cal_option_once":false,"exclude_from_discount":false,"pric_use_as_fee":false,"fee_label":"Geb\u00fchr","render_after_acb":false,"disp_hide_options_price":false}},{"type":"file","elementId":"wcpa-file-1622194609517","label":"Foto Klima Aussenger\u00e4t (optional)","description":"Bitte laden Sie ein Foto von dem m\u00f6glichen Standort des Klima Aussenger\u00e4tes hoch.","desc_type":true,"placeholder":"Aussenger\u00e4t","pricingType":"fixed","ajax_upload":true,"uploadsize":"5","name":"file-1622194609515","hideFieldIn_cart":true,"hideFieldIn_order":true,"hideImageIn_cart":true,"hideImageIn_order":true,"hideImageIn_email":true,"showUploadPreview":true,"enableCl":true,"cl_rule":"show","col":6,"relations":[{"operator":false,"rules":[{"operator":false,"rules":{"cl_field":"wcpa-select-1622054190962","cl_relation":"is_not_empty","cl_val":false}}]}],"form_id":1639,"form_rules":{"pric_cal_option_once":false,"exclude_from_discount":false,"pric_use_as_fee":false,"fee_label":"Geb\u00fchr","render_after_acb":false,"disp_hide_options_price":false}},{"type":"file","elementId":"wcpa-file-1622194610781","label":"Foto Durchbruchstelle (optional)","description":"Bitte laden Sie ein Foto der m\u00f6glichen Durchbruchstelle hoch.","desc_type":true,"placeholder":"Durchbruchstelle","pricingType":"fixed","ajax_upload":true,"uploadsize":"5","name":"file-1622194610780","hideFieldIn_cart":true,"hideFieldIn_order":true,"hideImageIn_cart":true,"hideImageIn_order":true,"hideImageIn_email":true,"showUploadPreview":true,"enableCl":true,"cl_rule":"show","col":6,"relations":[{"operator":false,"rules":[{"operator":false,"rules":{"cl_field":"wcpa-select-1622054190962","cl_relation":"is_not_empty","cl_val":false}}]}],"form_id":1639,"form_rules":{"pric_cal_option_once":false,"exclude_from_discount":false,"pric_use_as_fee":false,"fee_label":"Geb\u00fchr","render_after_acb":false,"disp_hide_options_price":false}}]},"_links":{"self":[{"href":"https:\/\/klg-klima.shop\/de\/wp-json\/wp\/v2\/product\/408"}],"collection":[{"href":"https:\/\/klg-klima.shop\/de\/wp-json\/wp\/v2\/product"}],"about":[{"href":"https:\/\/klg-klima.shop\/de\/wp-json\/wp\/v2\/types\/product"}],"replies":[{"embeddable":true,"href":"https:\/\/klg-klima.shop\/de\/wp-json\/wp\/v2\/comments?post=408"}],"wp:featuredmedia":[{"embeddable":true,"href":"https:\/\/klg-klima.shop\/de\/wp-json\/wp\/v2\/media\/1629"}],"wp:attachment":[{"href":"https:\/\/klg-klima.shop\/de\/wp-json\/wp\/v2\/media?parent=408"}],"wp:term":[{"taxonomy":"product_cat","embeddable":true,"href":"https:\/\/klg-klima.shop\/de\/wp-json\/wp\/v2\/product_cat?post=408"},{"taxonomy":"product_tag","embeddable":true,"href":"https:\/\/klg-klima.shop\/de\/wp-json\/wp\/v2\/product_tag?post=408"}],"curies":[{"name":"wp","href":"https:\/\/api.w.org\/{rel}","templated":true}]}}